{"id":17,"date":"2021-03-04T12:23:41","date_gmt":"2021-03-04T12:23:41","guid":{"rendered":"https:\/\/nankydevreeze.nl\/?page_id=17"},"modified":"2023-03-20T09:51:53","modified_gmt":"2023-03-20T09:51:53","slug":"cv","status":"publish","type":"page","link":"https:\/\/nankydevreeze.nl\/index.php\/cv\/","title":{"rendered":"CV"},"content":{"rendered":"<p>[et_pb_section fb_built=&#8221;1&#8243; _builder_version=&#8221;4.16&#8243; _module_preset=&#8221;default&#8221; background_color=&#8221;#862225&#8243; width=&#8221;100%&#8221; min_height=&#8221;50px&#8221; height=&#8221;50px&#8221; custom_padding=&#8221;||0px|||&#8221; global_colors_info=&#8221;{}&#8221;][\/et_pb_section][et_pb_section fb_built=&#8221;1&#8243; _builder_version=&#8221;4.16&#8243; _module_preset=&#8221;default&#8221; background_image=&#8221;https:\/\/nankydevreeze.nl\/wp-content\/uploads\/2021\/03\/Nanky-screen.jpg&#8221; global_colors_info=&#8221;{}&#8221;][et_pb_row column_structure=&#8221;1_2,1_2&#8243; _builder_version=&#8221;4.16&#8243; _module_preset=&#8221;default&#8221; global_colors_info=&#8221;{}&#8221;][et_pb_column type=&#8221;1_2&#8243; _builder_version=&#8221;4.16&#8243; _module_preset=&#8221;default&#8221; global_colors_info=&#8221;{}&#8221;][et_pb_text _builder_version=&#8221;4.20.2&#8243; _module_preset=&#8221;default&#8221; text_font=&#8221;Roboto||||||||&#8221; text_text_color=&#8221;#777777&#8243; text_font_size=&#8221;17px&#8221; hover_enabled=&#8221;0&#8243; global_colors_info=&#8221;{}&#8221; sticky_enabled=&#8221;0&#8243;]<\/p>\n<p><span style=\"text-decoration: underline; color: #862225;\"><strong><span style=\"font-size: x-large;\">CV<\/span><\/strong><\/span><\/p>\n<p>1972 &#8211; 2009\u00a0 \u00a0 Galeriehouder<\/p>\n<p>1972 &#8211; 1982\u00a0 \u00a0 Galerie\/Beeldentuin de Beerenburght <span style=\"color: #870004;\">|<\/span> Eck en Wiel<\/p>\n<p>1982 &#8211; 2004\u00a0 \u00a0 Galerie Nanky de Vreeze, Amsterdam<\/p>\n<p>2002 &#8211; 2007\u00a0 \u00a0 Galerie\/Parc de Sculptures, St. Jeure d\u2019Andaure <span style=\"color: #870004;\">|<\/span>\u00a0 \u00a0 \u00a0 \u00a0 \u00a0 \u00a0 \u00a0 \u00a0 \u00a0 \u00a0 \u00a0 \u00a0 \u00a0 \u00a0 \u00a0 \u00a0 \u00a0Ard\u00e8che samen met Chris de Vreeze<\/p>\n<p>2008 &#8211; 2009\u00a0 \u00a0 Galerie Nanky de Vreeze <span style=\"color: #870004;\">|<\/span> Middelburg<\/p>\n<p>vanaf 2017\u00a0 \u00a0 \u00a0 Beeldend kunstenaar<\/p>\n<p>&nbsp;<\/p>\n<p><span style=\"text-decoration: underline; color: #862225;\"><span style=\"font-size: x-large;\"><strong>Beurzen<\/strong><\/span><\/span><\/p>\n<p>ART Rotterdam<\/p>\n<p>KunstRAI Amsterdam\u00a0<\/p>\n<p>ART Paris<\/p>\n<p>ART Cologne\u00a0<\/p>\n<p>ART Stockholm<\/p>\n<p>&nbsp;<\/p>\n<p><span style=\"text-decoration: underline; color: #862225;\"><span style=\"font-size: x-large;\"><strong>Curator<\/strong><\/span><\/span><\/p>\n<p>1977 Chenill Galleries, Londen: <em>Twenty Dutch Artists<\/em><\/p>\n<p>1997 ART Stockholm, NL centraal: <em>Signs at Large<\/em><\/p>\n<p>1998: Signs at Large , Kunstvereniging Diepenheim<\/p>\n<p>2004 Ch\u00e2teau Mus\u00e9e, Tournon-sur-Rh\u00f4ne: <em>Au fil du Temps<\/em><\/p>\n<p>2006 Ch\u00e2teau Mus\u00e9e, Tournon-sur-Rh\u00f4ne: <em>Corpus<\/em><\/p>\n<p>2008 Grote Kerk Veere: <em>Spiegels voor de Ziel<\/em><\/p>\n<p>2012 Grote Kerk Veere: <em>12 Plaatsbepalingen Beeld &amp; Po\u00ebzie<\/em><\/p>\n<p>2016 Witteveen Visual Art Centre, Amsterdam: <em>Scattered Light<\/em><\/p>\n<p>2017 Kunstruimte KuuB, Utrecht: <em>Percepties van de Werkelijkheid<\/em><\/p>\n<p>2018 Kunstruimte KuuB, Utrecht: <em>Eerbetoon aan het Landschap<\/em><\/p>\n<p>&nbsp;<\/p>\n<p><span style=\"text-decoration: underline; color: #862225;\"><span style=\"font-size: x-large;\"><strong>Gastspreker<\/strong><\/span><\/span><\/p>\n<p>Lezingen over Kunst en het Bedrijfsleven voor<\/p>\n<p>Museum\u00a0 Boymans van Beuningen,<\/p>\n<p>Museum Beelden aan Zee,\u00a0 Ch\u00e2teau- Mus\u00e9e Tournon-sur-Rh\u00f4ne,<\/p>\n<p>Erasmusuniversiteit, Rotterdam<\/p>\n<p>&nbsp;<\/p>\n<p>&nbsp;<\/p>\n<p>[\/et_pb_text][\/et_pb_column][et_pb_column type=&#8221;1_2&#8243; _builder_version=&#8221;4.16&#8243; _module_preset=&#8221;default&#8221; global_colors_info=&#8221;{}&#8221;][\/et_pb_column][\/et_pb_row][\/et_pb_section][et_pb_section fb_built=&#8221;1&#8243; _builder_version=&#8221;4.16&#8243; _module_preset=&#8221;default&#8221; background_color=&#8221;#862225&#8243; width=&#8221;100%&#8221; min_height=&#8221;50px&#8221; height=&#8221;50px&#8221; custom_padding=&#8221;||0px|||&#8221; locked=&#8221;off&#8221; global_colors_info=&#8221;{}&#8221;][\/et_pb_section]<\/p>\n","protected":false},"excerpt":{"rendered":"<p>CV 1972 &#8211; 2009\u00a0 \u00a0 Galeriehouder 1972 &#8211; 1982\u00a0 \u00a0 Galerie\/Beeldentuin de Beerenburght | Eck en Wiel 1982 &#8211; 2004\u00a0 \u00a0 Galerie Nanky de Vreeze, Amsterdam 2002 &#8211; 2007\u00a0 \u00a0 Galerie\/Parc de Sculptures, St. Jeure d\u2019Andaure |\u00a0 \u00a0 \u00a0 \u00a0 \u00a0 \u00a0 \u00a0 \u00a0 \u00a0 \u00a0 \u00a0 \u00a0 \u00a0 \u00a0 \u00a0 \u00a0 \u00a0Ard\u00e8che samen met [&hellip;]<\/p>\n","protected":false},"author":1,"featured_media":0,"parent":0,"menu_order":0,"comment_status":"closed","ping_status":"closed","template":"","meta":{"_et_pb_use_builder":"on","_et_pb_old_content":"","_et_gb_content_width":"","footnotes":""},"_links":{"self":[{"href":"https:\/\/nankydevreeze.nl\/index.php\/wp-json\/wp\/v2\/pages\/17"}],"collection":[{"href":"https:\/\/nankydevreeze.nl\/index.php\/wp-json\/wp\/v2\/pages"}],"about":[{"href":"https:\/\/nankydevreeze.nl\/index.php\/wp-json\/wp\/v2\/types\/page"}],"author":[{"embeddable":true,"href":"https:\/\/nankydevreeze.nl\/index.php\/wp-json\/wp\/v2\/users\/1"}],"replies":[{"embeddable":true,"href":"https:\/\/nankydevreeze.nl\/index.php\/wp-json\/wp\/v2\/comments?post=17"}],"version-history":[{"count":17,"href":"https:\/\/nankydevreeze.nl\/index.php\/wp-json\/wp\/v2\/pages\/17\/revisions"}],"predecessor-version":[{"id":230101,"href":"https:\/\/nankydevreeze.nl\/index.php\/wp-json\/wp\/v2\/pages\/17\/revisions\/230101"}],"wp:attachment":[{"href":"https:\/\/nankydevreeze.nl\/index.php\/wp-json\/wp\/v2\/media?parent=17"}],"curies":[{"name":"wp","href":"https:\/\/api.w.org\/{rel}","templated":true}]}}